{"id":1283,"date":"2017-05-24T15:50:31","date_gmt":"2017-05-24T13:50:31","guid":{"rendered":"https:\/\/platform.nedaca.be\/?page_id=1283\/"},"modified":"2020-05-14T20:49:51","modified_gmt":"2020-05-14T18:49:51","slug":"formation-en-ligne","status":"publish","type":"page","link":"https:\/\/platform.nedaca.be\/fr\/cours-de-langues\/formation-en-ligne\/","title":{"rendered":"Nos cours \u00e0 distance- en classe virtuelle"},"content":{"rendered":"<div class=\"row\"><div class=\"container\"><div class=\"col-sm-offset-2 col-sm-8\"><h3 class=\"h5 text-gray-light text-center\">Cours de langues via votre webcam<\/h3><h2 class=\"margin-top-xs margin-bottom-sm text-center\">Nos cours \u00e0 distance peuvent se donner en vid\u00e9oconf\u00e9rence dans six langues propos\u00e9es<\/h2><\/div><\/div><\/div><div class=\"row padding-top-md padding-bottom-md\" id=\"online-courses-intro\"><div class=\"container\"><div class=\"col-sm-6\">\n<p><strong>M\u00e9thode intensive- La Nederlandse Academie<\/strong>\u00a0offre la solution id\u00e9ale\u00a0: gr\u00e2ce \u00e0 nos cours de langue virtuels, vous pouvez apprendre une langue en tr\u00e8s peu de temps. Nos le\u00e7ons par webcam consistent en de courtes sessions de 45 minutes, pendant lesquelles chaque seconde est utilis\u00e9e de fa\u00e7on optimale. Les le\u00e7ons sont tr\u00e8s structur\u00e9es, c\u2019est pourquoi vous apprenez la langue plus rapidement. De plus, vous recevez des pr\u00e9parations et r\u00e9visions approfondies des le\u00e7ons apr\u00e8s chaque cours. Une m\u00e9thode unique, le Forcing, qui a d\u00e9j\u00e0 fait ses preuves.<\/p>\n<p>&nbsp;<\/p>\n\n<p><strong>\u00c0 votre propre rythme<\/strong> Vous suivez le cours de langue \u00e0 distance \u00e0 votre rythme. C\u2019est vous qui choisissez l\u2019heure de vos le\u00e7ons, qui se donnent par vid\u00e9oconf\u00e9rence. Pendant la semaine, les samedis, dimanches et jours f\u00e9ri\u00e9, \u00e0 7 heures du matin ou 22 heures en soir\u00e9e\u00a0: tout est possible\u00a0! Gr\u00e2ce \u00e0 la formule via la \u00a0webcam, les professeurs peuvent vous joindre partout\u00a0: au bureau, \u00e0 la maison, en vacances ou en voyage d\u2019affaires.<\/p>\n <strong>Pour tous les niveaux\u00a0<\/strong>L\u2019avantage de cette approche est qu\u2019elle s\u2019adapte \u00e0 tous les niveaux. Nos professeurs vous accordent toute leur attention et peuvent donc orienter le cours selon vos d\u00e9sirs et vos besoins. D\u00e9butant ou avanc\u00e9, tout est donc possible. <\/div><div class=\"col-sm-6\"><div class=\"box-shadow\"><div class=\"image-equalheight\" data-mh=\"group-iv-image\"><img src=\"https:\/\/platform.nedaca.be\/wp-content\/uploads\/2017\/03\/iStock-511918608-732x488.jpg\" class=\"img-responsive\"><\/div><\/div><\/div><\/div><\/div><div class=\"row padding-top-lg padding-bottom-lg bg-gray-lighter\" id=\"online-courses-discover\"><div class=\"container\"><div class=\"col-sm-offset-2 col-sm-8\"><h2 class=\"margin-top-none margin-bottom-none text-center\">Nous vous proposons un large \u00e9ventail de cours priv\u00e9s-6 langues au choix<\/h2><\/div><div class=\"col-sm-4 margin-top-md\"><div class=\"item bullet bullet-nl\">\n<p><strong><a href=\"https:\/\/platform.nedaca.be\/fr\/course\/apprenez-le-neerlandais-en-ligne\/\">N\u00e9erlandais<\/a><\/strong> Deux s\u00e9ances ou plus par semaine, pendant plusieurs semaines. <strong>Parfaitement taill\u00e9es \u00e0 votre niveau<\/strong>. O\u00f9 vous voulez, quand vous voulez&#8230;<\/p>\n<\/div><\/div><div class=\"col-sm-4 margin-top-md\"><div class=\"item bullet bullet-es\">\n<p><a href=\"https:\/\/platform.nedaca.be\/fr\/course\/apprenez-lespagnol-en-ligne\/\"><strong>Espagnol<\/strong><\/a>\u00a0Deux s\u00e9ances ou plus par semaine, pendant plusieurs semaines. <strong>Parfaitement<\/strong> \u00a0<strong>taill\u00e9es \u00e0 votre niveau<\/strong>. O\u00f9 vous voulez, quand vous voulez&#8230;<\/p>\n<\/div><\/div><div class=\"col-sm-4 margin-top-md\"><div class=\"item bullet bullet-fr\">\n<p><a href=\"https:\/\/platform.nedaca.be\/fr\/course\/apprenez-le-francais-en-ligne\/\"><strong>Fran\u00e7ais<\/strong><\/a> Deux s\u00e9ances ou plus par semaine, pendant plusieurs semaines. <strong>Parfaitement taill\u00e9es \u00e0 votre niveau<\/strong>\u00a0. O\u00f9 vous voulez, quand vous voulez&#8230;<\/p>\n<\/div><\/div><div class=\"col-sm-4 margin-top-md\"><div class=\"item bullet bullet-en\">\n<p><a href=\"https:\/\/platform.nedaca.be\/fr\/course\/apprenez-langlais-en-ligne\/\"><strong>Anglais<\/strong><\/a>\u00a0Deux s\u00e9ances ou plus par semaine, pendant plusieurs semaines. <strong>Parfaitement<\/strong> <strong>taill\u00e9es \u00e0 votre niveau<\/strong>. O\u00f9 vous voulez, quand vous voulez&#8230;<\/p>\n<\/div><\/div><div class=\"col-sm-4 margin-top-md\"><div class=\"item bullet bullet-it\">\n<p><a href=\"https:\/\/platform.nedaca.be\/fr\/course\/apprenez-litalien-en-ligne\/\"><strong>Italien<\/strong><\/a>\u00a0Deux s\u00e9ances ou plus par semaine, pendant plusieurs semaines. <strong>Parfaitement<\/strong> <strong>taill\u00e9es \u00e0 votre niveau<\/strong>. O\u00f9 vous voulez, quand vous voulez&#8230;<\/p>\n<\/div><\/div><div class=\"col-sm-4 margin-top-md\"><div class=\"item bullet bullet-de\">\n<p><a href=\"https:\/\/platform.nedaca.be\/fr\/course\/apprenez-lallemand-en-ligne\/\"><strong>Allemand<\/strong><\/a>\u00a0Deux s\u00e9ances ou plus par semaine, pendant plusieurs semaines. <strong>Parfaitement<\/strong> <strong>taill\u00e9es \u00e0 votre niveau<\/strong>. O\u00f9 vous voulez, quand vous voulez&#8230;<\/p>\n<\/div><\/div><\/div><\/div><div class=\"row margin-top-lg margin-bottom-lg\"><div class=\"container\"><div class=\"col-sm-6 overlay-images margin-bottom-sm\"><div class=\"image-equalheight\" data-mh=\"group-iv-image\"><img src=\"https:\/\/platform.nedaca.be\/wp-content\/uploads\/2017\/03\/iStock-622543278-732x488.jpg\" class=\"img-responsive\"><\/div><div class=\"box-shadow\"><div class=\"image-equalheight\" data-mh=\"group-iv-image\"><img src=\"https:\/\/platform.nedaca.be\/wp-content\/uploads\/2017\/03\/iStock-531941092-731x488.jpg\" alt=\"taal-begrijpen\" class=\"img-responsive\"><\/div><\/div><\/div><div class=\"col-sm-6\"><h2 class=\"margin-top-none\">La Nederlandse Academie vous garantit une exp\u00e9rience d\u2019apprentissage hors du commun.<\/h2>\n<p>La Nederlandse Academie propose des formules de cours qui sont adapt\u00e9es \u00e0 votre niveau et \u00e0 vos attentes. Des cours<strong> ultra-intensifs<\/strong> qui r\u00e9pondront parfaitement \u00e0 vos objectifs.<\/p>\n<a class=\"btn btn-primary btn-md\" href=\"\/fr\/contact\/\">Contactez-nous<\/a><\/div><\/div><\/div>\n","protected":false},"excerpt":{"rendered":"","protected":false},"author":1,"featured_media":0,"parent":844,"menu_order":0,"comment_status":"closed","ping_status":"closed","template":"","meta":[],"yoast_head":"<!-- This site is optimized with the Yoast SEO plugin v14.7 - https:\/\/yoast.com\/wordpress\/plugins\/seo\/ -->\n<meta name=\"description\" content=\"Fullingua offre la solution id\u00e9ale\u00a0: gr\u00e2ce \u00e0 nos cours de langue en ligne, vous pouvez apprendre une langue en tr\u00e8s peu de temps. Nos le\u00e7ons par webcam consistent en de courtes sessions de 20 minutes, pendant lesquelles chaque seconde est utilis\u00e9e de fa\u00e7on optimale.\" \/>\n<meta name=\"robots\" content=\"noindex, follow\" \/>\n<meta property=\"og:locale\" content=\"fr_FR\" \/>\n<meta property=\"og:type\" content=\"article\" \/>\n<meta property=\"og:title\" content=\"Nos cours \u00e0 distance- en classe virtuelle | Nederlandse Academie\" \/>\n<meta property=\"og:description\" content=\"Fullingua offre la solution id\u00e9ale\u00a0: gr\u00e2ce \u00e0 nos cours de langue en ligne, vous pouvez apprendre une langue en tr\u00e8s peu de temps. Nos le\u00e7ons par webcam consistent en de courtes sessions de 20 minutes, pendant lesquelles chaque seconde est utilis\u00e9e de fa\u00e7on optimale.\" \/>\n<meta property=\"og:url\" content=\"https:\/\/platform.nedaca.be\/fr\/cours-de-langues\/formation-en-ligne\/\" \/>\n<meta property=\"og:site_name\" content=\"Nederlandse Academie\" \/>\n<meta property=\"article:publisher\" content=\"https:\/\/www.facebook.com\/Nederlandse-Academie-195372997151458\/\" \/>\n<meta property=\"article:modified_time\" content=\"2020-05-14T18:49:51+00:00\" \/>\n<script type=\"application\/ld+json\" class=\"yoast-schema-graph\">{\"@context\":\"https:\/\/schema.org\",\"@graph\":[{\"@type\":\"Organization\",\"@id\":\"https:\/\/platform.nedaca.be\/fr\/#organization\",\"name\":\"Nederlands Academie\",\"url\":\"https:\/\/platform.nedaca.be\/fr\/\",\"sameAs\":[\"https:\/\/www.facebook.com\/Nederlandse-Academie-195372997151458\/\"],\"logo\":{\"@type\":\"ImageObject\",\"@id\":\"https:\/\/platform.nedaca.be\/fr\/#logo\",\"inLanguage\":\"fr-FR\",\"url\":\"https:\/\/platform.nedaca.be\/wp-content\/uploads\/2017\/06\/nedacalogo.jpg\",\"width\":500,\"height\":500,\"caption\":\"Nederlands Academie\"},\"image\":{\"@id\":\"https:\/\/platform.nedaca.be\/fr\/#logo\"}},{\"@type\":\"WebSite\",\"@id\":\"https:\/\/platform.nedaca.be\/fr\/#website\",\"url\":\"https:\/\/platform.nedaca.be\/fr\/\",\"name\":\"Nederlandse Academie\",\"description\":\"Cours de n\\u00e9erlandais \\u00e0 Bruxelles \",\"publisher\":{\"@id\":\"https:\/\/platform.nedaca.be\/fr\/#organization\"},\"potentialAction\":[{\"@type\":\"SearchAction\",\"target\":\"https:\/\/platform.nedaca.be\/fr\/?s={search_term_string}\",\"query-input\":\"required name=search_term_string\"}],\"inLanguage\":\"fr-FR\"},{\"@type\":\"WebPage\",\"@id\":\"https:\/\/platform.nedaca.be\/fr\/cours-de-langues\/formation-en-ligne\/#webpage\",\"url\":\"https:\/\/platform.nedaca.be\/fr\/cours-de-langues\/formation-en-ligne\/\",\"name\":\"Nos cours \\u00e0 distance- en classe virtuelle | Nederlandse Academie\",\"isPartOf\":{\"@id\":\"https:\/\/platform.nedaca.be\/fr\/#website\"},\"datePublished\":\"2017-05-24T13:50:31+00:00\",\"dateModified\":\"2020-05-14T18:49:51+00:00\",\"description\":\"Fullingua offre la solution id\\u00e9ale\\u00a0: gr\\u00e2ce \\u00e0 nos cours de langue en ligne, vous pouvez apprendre une langue en tr\\u00e8s peu de temps. Nos le\\u00e7ons par webcam consistent en de courtes sessions de 20 minutes, pendant lesquelles chaque seconde est utilis\\u00e9e de fa\\u00e7on optimale.\",\"inLanguage\":\"fr-FR\",\"potentialAction\":[{\"@type\":\"ReadAction\",\"target\":[\"https:\/\/platform.nedaca.be\/fr\/cours-de-langues\/formation-en-ligne\/\"]}]}]}<\/script>\n<!-- \/ Yoast SEO plugin. -->","_links":{"self":[{"href":"https:\/\/platform.nedaca.be\/fr\/wp-json\/wp\/v2\/pages\/1283\/"}],"collection":[{"href":"https:\/\/platform.nedaca.be\/fr\/wp-json\/wp\/v2\/pages\/"}],"about":[{"href":"https:\/\/platform.nedaca.be\/fr\/wp-json\/wp\/v2\/types\/page\/"}],"author":[{"embeddable":true,"href":"https:\/\/platform.nedaca.be\/fr\/wp-json\/wp\/v2\/users\/1\/"}],"replies":[{"embeddable":true,"href":"https:\/\/platform.nedaca.be\/fr\/wp-json\/wp\/v2\/comments\/?post=1283"}],"version-history":[{"count":32,"href":"https:\/\/platform.nedaca.be\/fr\/wp-json\/wp\/v2\/pages\/1283\/revisions\/"}],"predecessor-version":[{"id":8292,"href":"https:\/\/platform.nedaca.be\/fr\/wp-json\/wp\/v2\/pages\/1283\/revisions\/8292\/"}],"up":[{"embeddable":true,"href":"https:\/\/platform.nedaca.be\/fr\/wp-json\/wp\/v2\/pages\/844\/"}],"wp:attachment":[{"href":"https:\/\/platform.nedaca.be\/fr\/wp-json\/wp\/v2\/media\/?parent=1283"}],"curies":[{"name":"wp","href":"https:\/\/api.w.org\/{rel}","templated":true}]}}